{"id":1686,"date":"2020-10-02T10:11:25","date_gmt":"2020-10-02T10:11:25","guid":{"rendered":"https:\/\/hotelgrandview.ro\/?page_id=1686"},"modified":"2020-10-02T10:13:37","modified_gmt":"2020-10-02T10:13:37","slug":"terms-and-conditions","status":"publish","type":"page","link":"http:\/\/hotelgrandview.ro\/ro\/terms-and-conditions\/","title":{"rendered":"Termeni \u0219i condi\u021bii"},"content":{"rendered":"<h2 style=\"text-align: center;\">Termeni \u0219i condi\u021bii Grand View<\/h2>\n<p style=\"padding-left: 5%; padding-right: 5%; line-height: 1.5;\">Politica de confiden\u021bialitate v\u0103 este pus\u0103 la dispozi\u021bie la \u00eenceputul interac\u021biunii cu noi, prin intermediul site-ului web. Datele au fost colectate de hotelgrandview.ro. hotelgrandview.ro colecteaz\u0103 informa\u021biile dumneavoastr\u0103 personale (numele complet, num\u0103rul de telefon, adresa de e-mail, sexul, IP-ul \u0219i preferin\u021bele de limb\u0103 ale browserului pe care \u00eel folosi\u021bi) atunci c\u00e2nd ne contacta\u021bi prin formularul de contact, telefonic sau prin e-mail. Informa\u021biile pe care ni le furniza\u021bi pot include numele, adresa, adresa de e-mail si num\u0103rul de telefon, sexul, precum \u0219i alte informa\u021bii, dup\u0103 caz.<\/p>\n<p><\/p>\n<p style=\"padding-left: 5%; padding-right: 5%; line-height: 1.5;\">De asemenea, nu vom colecta sau prelucra date cu caracter personal sensibile legate de dumneavoastr\u0103, precum informa\u021biile despre originea etnic\u0103 sau rasial\u0103, confesiunea religioas\u0103, opiniile politice, convingerile filozofice, via\u021ba\/orientarea sexual\u0103 ori s\u0103n\u0103tatea), cu excep\u021bia cazului \u00een care vom fi obliga\u021bi s\u0103 facem acest lucru prin lege \u0219i\/sau \u00een cazul \u00een care ne ve\u021bi furniza consim\u021b\u0103m\u00e2ntul dumneavoastr\u0103 explicit, \u00een mod separat. Dac\u0103 ne ve\u021bi furniza, \u00een mod voluntar, date cu caracter personal (inclusiv date cu caracter personal sensibile) prin intermediul interac\u021biunii dumneavoastr\u0103 cu website-ul nostru sau prin coresponden\u021b\u0103 direct\u0103 cu noi prin telefon, e-mail sau \u00een orice alt\u0103 modalitate, din proprie voin\u021b\u0103 \u0219i nu la cererea noastr\u0103, vom \u0219terge datele din sistemele noastre, dac\u0103 nu vom considera c\u0103 prelucrarea acestora este necesar\u0103 pentru un scop legitim al <a href=\"\/ro\/hotelgrandview.ro\/\">hotelgrandview.ro<\/a><\/p>\n<p><\/p>\n<h3 style=\"padding-left: 5%; padding-right: 5%;\">V\u0103 aducem la cuno\u0219tin\u021b\u0103 faptul c\u0103 de fiecare dat\u0103 c\u00e2nd ne ve\u021bi vizita website-ul, vom colecta automat urm\u0103toarele date:<\/h3>\n<p><\/p>\n<p style=\"padding-left: 5%; padding-right: 5%; line-height: 1.5;\">1)\tDate tehnice, care pot include: Adresa Internet Protocol (IP), utilizat\u0103 pentru conectarea calculatorului dumneavoastr\u0103 la internet, tipul \u0219i versiunea de browser, informa\u021biile de conectare, tipurile \u0219i versiunile extensiilor de browser (plug-in), setarea fusului orar, sistemul \u0219i platforma de operare, tipul \u0219i marca dispozitivului mobil. Aceste date pot fi colectate \u0219i prelucrate numai cu consim\u021b\u0103m\u00e2ntul dumneavoastr\u0103 prin intermediul fi\u0219ierelor de tip cookie ale ter\u021belor p\u0103r\u021bi. Informa\u021bii suplimentare despre acest subiect pute\u021bi g\u0103si \u00een sec\u021biunea: Politica Cookies.<\/p>\n<p><\/p>\n<p style=\"padding-left: 5%; padding-right: 5%; line-height: 1.5;\">2)\tDate despre vizita dumneavoastr\u0103, care pot include: calea complet\u0103 c\u0103tre resursa accesat\u0103 (URL-ul), informa\u021biile sau produsele pe care le-a\u021bi c\u0103utat sau vizualizat (inclusiv articolele de top citite, categoriile de top accesate), secven\u021ba de click-uri c\u0103tre, prin \u0219i de la website-ul nostru (inclusiv data \u0219i ora), timpii de r\u0103spuns al paginilor, erorile de desc\u0103rcare, durata vizitelor pe anumite pagini (inclusiv timpul mediu petrecut pe anumite pagini, vizionarea anumitor con\u021binuturi), timpul mediu petrecut \u00eentr-o aplica\u021bie \u0219i num\u0103rul de vizualiz\u0103ri din astfel de aplica\u021bii, num\u0103rul mediu de articole vizualizate pe website-ul nostru, informa\u021bii privind interac\u021biunea cu paginile (cum ar fi derularea, click-urile \u0219i trecerile de mouse), metodele folosite pentru a naviga pe pagin\u0103, datele despre comportamentul utilizatorilor \u0219i orice num\u0103r de telefon folosit pentru a apela sau orice adresa de e-mail folosit\u0103 pentru a contacta reprezentan\u021bii departamentului nostru de servicii pentru clien\u021bi.<\/p>\n<p><\/p>\n<h3 style=\"padding-left: 5%; padding-right: 5%;\">Scopul de utilizare a datelor<\/h3>\n<p><\/p>\n<p style=\"padding-left: 5%; padding-right: 5%; line-height: 1.5;\">hotelgrandview.ro colecteaz\u0103 date cu caracter personal pe pagina site-ului, numai cu acordul voluntar al clientului, iar scopurile sunt urm\u0103toarele: rezolvarea problemelor de orice natur\u0103, care se refer\u0103 la program\u0103rile efectuate \u0219i la cele ce au fost anulate, contactarea clientului, la cererea sa voluntar\u0103 ori \u00een chestiuni de rela\u021bii cu clien\u021bii. Astfel c\u0103 hotelgrandview.ro are permisiunea de a prelucra datele cu caracter personal (cele de identificare \u0219i de contact), \u00een vederea furniz\u0103rii serviciilor \u0219i efectu\u0103rii pl\u0103\u021bilor \u00een baza contractelor relevante, inclusiv a abonamentelor achizi\u021bionate.<\/p>\n<p><\/p>\n<p style=\"padding-left: 5%; padding-right: 5%; line-height: 1.5;\">De asemenea, putem prelucra datele cu caracter personal pentru a v\u0103 putea oferi informa\u021biile necesare despre servicii ori bunuri, despre care consider\u0103m c\u0103 v\u0103 intereseaz\u0103. \u00cen cazul \u00een care sunte\u021bi deja un client al salonului nostru, v\u0103 vom contacta numai prin intermediul e-mail-ului, deoarece avem \u00een baza de date informa\u021bii despre dumneavoastr\u0103, \u00een urma serviciilor care au f\u0103cut obiectul unei v\u00e2nz\u0103ri anterioare sau unei negocieri \u00een vederea v\u00e2nz\u0103rii, cu excep\u021bia cazului \u00een care a\u021bi optat pentru alt\u0103 metod\u0103 de contact. Iar dac\u0103 sunte\u021bi un client nou, v\u0103 vom contacta prin mijloace electronice numai dac\u0103 avem acordul dumneavoastr\u0103 prealabil.<\/p>\n<p><\/p>\n<p style=\"padding-left: 5%; padding-right: 5%; line-height: 1.5;\">Exist\u0103 \u0219i posibilitatea de a nu v\u0103 folosi datele personale \u00een acest fel, dar trebuie s\u0103 bifa\u021bi caseta din formularul de \u00eenregistrare, referitoare la colectarea datelor cu caracter personal. Putem, de asemenea, s\u0103 v\u0103 folosim datele cu caracter personal pentru a \u00een\u021belege con\u021binutul preferat \u0219i pentru a oferi con\u021binut relevant pentru dumneavoastr\u0103; pentru a v\u0103 permite s\u0103 participa\u021bi la caracteristicile interactive ale serviciului nostru, atunci c\u00e2nd alege\u021bi s\u0103 face\u021bi acest lucru; pentru a m\u0103sura sau a \u00een\u021belege eficacitatea publicit\u0103\u021bii pe care o oferi; pentru a face sugestii \u0219i recomand\u0103ri despre serviciile sau produsele care ar putea s\u0103 v\u0103 intereseze.<\/p>\n<p><\/p>\n<h3 style=\"padding-left: 5%; padding-right: 5%;\">Comunicare<\/h3>\n<p><\/p>\n<p style=\"padding-left: 5%; padding-right: 5%; line-height: 1.5;\">Cu acordul dumneavoastr\u0103, v\u0103 putem trimite newslettere, alerte periodice, recomand\u0103ri de articole, mesaje administrative sau de ordin tehnic, ce au leg\u0103tur\u0103 cu serviciile \u0219i produsele pe care le oferim, prin intermediul apelului telefonic \u0219i\/sau e-mail. Acestea fac parte din categoria mesajelor de marketing, pe care dumneavoastr\u0103 alege\u021bi dac\u0103 dori\u021bi s\u0103 le primi\u021bi sau nu.<\/p>\n<p><\/p>\n<h3 style=\"padding-left: 5%; padding-right: 5%;\">Securitate<\/h3>\n<p><\/p>\n<p style=\"padding-left: 5%; padding-right: 5%; line-height: 1.5;\">Datele dumneavoastr\u0103, privind adresa IP \u0219i istoricul de conectare, vor putea fi folosite din motive de securitate, menite s\u0103 monitorizeze \u0219i, implicit, s\u0103 previn\u0103 eventualele \u00eenc\u0103lc\u0103ri \u0219i\/sau fraude ale Acordului de utilizare ori a Politicii de confiden\u021bialite, care ar putea s\u0103 \u00eei afecteze \u0219i pe ceilal\u021bi vizitatori\/clien\u021bi de-ai no\u0219tri. hotelgrandview.ro v\u0103 asigur\u0103 c\u0103 nu va distribui niciuna din informa\u021biile personale pe care le-a\u021bi furnizat c\u0103tre agen\u021bii sau agen\u021bi de publicitate. Ele vor fi p\u0103strare \u00een condi\u021bii de siguran\u021b\u0103 \u0219i folosite doar \u00een scopurile enumerate mai sus. Chiar dac\u0103 sunte\u021bi client sau doar vizitator, v\u0103 oferim dreptul de a modifica sau \u0219terge datele pe care ni le-a\u021bi oferit. \u0218tergerea sau modificarea datelor \u00een timp ce apela\u021bi la serviciile noastre pot afecta modul \u00een care oferim aceste servicii ori chiar \u00eencetarea lor. <\/p>\n<p><\/p>","protected":false},"excerpt":{"rendered":"<p>Grand View Terms and Conditions The privacy policy is made available to you at the beginning of the interaction with us, through the website. The data were&#8230;<\/p>","protected":false},"author":2,"featured_media":0,"parent":0,"menu_order":0,"comment_status":"closed","ping_status":"open","template":"","meta":{"footnotes":""},"class_list":["post-1686","page","type-page","status-publish","hentry"],"_links":{"self":[{"href":"http:\/\/hotelgrandview.ro\/ro\/wp-json\/wp\/v2\/pages\/1686","targetHints":{"allow":["GET"]}}],"collection":[{"href":"http:\/\/hotelgrandview.ro\/ro\/wp-json\/wp\/v2\/pages"}],"about":[{"href":"http:\/\/hotelgrandview.ro\/ro\/wp-json\/wp\/v2\/types\/page"}],"author":[{"embeddable":true,"href":"http:\/\/hotelgrandview.ro\/ro\/wp-json\/wp\/v2\/users\/2"}],"replies":[{"embeddable":true,"href":"http:\/\/hotelgrandview.ro\/ro\/wp-json\/wp\/v2\/comments?post=1686"}],"version-history":[{"count":3,"href":"http:\/\/hotelgrandview.ro\/ro\/wp-json\/wp\/v2\/pages\/1686\/revisions"}],"predecessor-version":[{"id":1692,"href":"http:\/\/hotelgrandview.ro\/ro\/wp-json\/wp\/v2\/pages\/1686\/revisions\/1692"}],"wp:attachment":[{"href":"http:\/\/hotelgrandview.ro\/ro\/wp-json\/wp\/v2\/media?parent=1686"}],"curies":[{"name":"wp","href":"https:\/\/api.w.org\/{rel}","templated":true}]}}