{"id":169,"date":"2016-07-21T15:57:36","date_gmt":"2016-07-21T15:57:36","guid":{"rendered":"http:\/\/ninetheme.com\/themes\/grandium\/?page_id=169"},"modified":"2021-05-12T08:56:19","modified_gmt":"2021-05-12T08:56:19","slug":"contact","status":"publish","type":"page","link":"http:\/\/hotelgrandview.ro\/ro\/contact\/","title":{"rendered":"Contact"},"content":{"rendered":"<div class=\"wpb-content-wrapper\"><div class=\"vc_row wpb_row vc_row-fluid\"><div class=\"wpb_column vc_column_container vc_col-sm-12\"><div class=\"vc_column-inner\"><div class=\"wpb_wrapper\"><!-- Section Contact --><div class=\"section\" id=\"contact\"><div class=\"wrapper-inner\"><div class=\"row\"><div class=\"col-lg-6\"><!-- Contact Info --><div class=\"widget-contact-info\"><ul><li><h5>Grand View Hotel & Suites<\/h5><ul><li>Grand View Hotel &amp; Suites, Aleea Mihail Sadoveanu, nr 61, IASI<\/li><li>Phone: <a href=\"tel:0232709636\">0232 709 636<\/a> <br><a href=\"tel:0740709636\" style=\"margin-left: 45px;\">0740 709 636<\/li><li><a href=\"mailto:receptie@grandview.ro\">receptie@grandview.ro<\/a><\/li> <\/ul><\/li><\/ul><\/div><!-- Contact Info End --><\/div> <div class=\"col-lg-6\"><!-- Contact Form --><div class=\"widget-contact-form\"><h5>CONTACTEAZ\u0102-NE<\/h5><p>V\u0103 rug\u0103m s\u0103 introduce\u021bi datele de contact \u0219i unul dintre membrii echipei noastre v\u0103 va contacta \u00een cur\u00e2nd.<\/p><div class=\"data-form\">\n<div class=\"wpcf7 no-js\" id=\"wpcf7-f229-o1\" lang=\"en-US\" dir=\"ltr\" data-wpcf7-id=\"229\">\n<div class=\"screen-reader-response\"><p role=\"status\" aria-live=\"polite\" aria-atomic=\"true\"><\/p> <ul><\/ul><\/div>\n<form action=\"\/ro\/wp-json\/wp\/v2\/pages\/169#wpcf7-f229-o1\" method=\"post\" class=\"wpcf7-form init\" aria-label=\"Contact form\" novalidate=\"novalidate\" data-status=\"init\" data-trp-original-action=\"\/ro\/wp-json\/wp\/v2\/pages\/169#wpcf7-f229-o1\">\n<fieldset class=\"hidden-fields-container\"><input type=\"hidden\" name=\"_wpcf7\" value=\"229\" \/><input type=\"hidden\" name=\"_wpcf7_version\" value=\"6.1.5\" \/><input type=\"hidden\" name=\"_wpcf7_locale\" value=\"en_US\" \/><input type=\"hidden\" name=\"_wpcf7_unit_tag\" value=\"wpcf7-f229-o1\" \/><input type=\"hidden\" name=\"_wpcf7_container_post\" value=\"0\" \/><input type=\"hidden\" name=\"_wpcf7_posted_data_hash\" value=\"\" \/>\n<\/fieldset>\n<div class=\"row\">\n\t<div class=\"col-md-6\">\n\t\t<p><span class=\"wpcf7-form-control-wrap\" data-name=\"text-798\"><input size=\"40\" maxlength=\"400\" class=\"wpcf7-form-control wpcf7-text wpcf7-validates-as-required\" aria-required=\"true\" aria-invalid=\"false\" placeholder=\"NUME\" value=\"\" type=\"text\" name=\"text-798\" \/><\/span>\n\t\t<\/p>\n\t<\/div>\n\t<div class=\"col-md-6\">\n\t\t<p><span class=\"wpcf7-form-control-wrap\" data-name=\"text-799\"><input size=\"40\" maxlength=\"400\" class=\"wpcf7-form-control wpcf7-text wpcf7-validates-as-required\" aria-required=\"true\" aria-invalid=\"false\" placeholder=\"PRENUME\" value=\"\" type=\"text\" name=\"text-799\" \/><\/span>\n\t\t<\/p>\n\t<\/div>\n\t<div class=\"col-md-6\">\n\t\t<p><span class=\"wpcf7-form-control-wrap\" data-name=\"text-871\"><input size=\"40\" maxlength=\"400\" class=\"wpcf7-form-control wpcf7-text wpcf7-validates-as-required\" aria-required=\"true\" aria-invalid=\"false\" placeholder=\"ADRESA DE EMAIL\" value=\"\" type=\"text\" name=\"text-871\" \/><\/span>\n\t\t<\/p>\n\t<\/div>\n\t<div class=\"col-md-6\">\n\t\t<p><span class=\"wpcf7-form-control-wrap\" data-name=\"text-800\"><input size=\"40\" maxlength=\"400\" class=\"wpcf7-form-control wpcf7-text wpcf7-validates-as-required\" aria-required=\"true\" aria-invalid=\"false\" placeholder=\"TELEFON\" value=\"\" type=\"text\" name=\"text-800\" \/><\/span>\n\t\t<\/p>\n\t<\/div>\n\t<div class=\"col-md-12\">\n\t\t<p><span class=\"wpcf7-form-control-wrap\" data-name=\"textarea-302\"><textarea cols=\"40\" rows=\"10\" maxlength=\"2000\" class=\"wpcf7-form-control wpcf7-textarea wpcf7-validates-as-required form-textarea\" aria-required=\"true\" aria-invalid=\"false\" placeholder=\"MESAJUL DVS.\" name=\"textarea-302\"><\/textarea><\/span>\n\t\t<\/p>\n\t<\/div>\n\t<p><span class=\"wpcf7-form-control-wrap\" data-name=\"acceptance-921\"><span class=\"wpcf7-form-control wpcf7-acceptance\"><span class=\"wpcf7-list-item\"><label><input type=\"checkbox\" name=\"acceptance-921\" value=\"1\" aria-invalid=\"false\" \/><span class=\"wpcf7-list-item-label\"><a href=\"https:\/\/hotelgrandview.ro\/ro\/terms-and-conditions\/\">Sunt de acord cu termenii si conditiile<\/a><\/span><\/label><\/span><\/span><\/span>\n\t<\/p>\n\t<div class=\"col-md-6 align-right\">\n\t\t<p><input class=\"wpcf7-form-control wpcf7-submit has-spinner btn\" type=\"submit\" value=\"TRIMITE\" \/>\n\t\t<\/p>\n\t<\/div>\n<\/div><div class=\"wpcf7-response-output\" aria-hidden=\"true\"><\/div>\n<input type=\"hidden\" name=\"trp-form-language\" value=\"ro\"\/><\/form>\n<\/div>\n<\/div><\/div> <!-- Contact Form End --> <\/div><\/div><\/div><\/div><!-- Section Contact End --><\/div><\/div><\/div><\/div><div data-vc-full-width=\"true\" data-vc-full-width-init=\"false\" data-vc-stretch-content=\"true\" class=\"vc_row wpb_row vc_row-fluid vc_row-no-padding\"><div class=\"wpb_column vc_column_container vc_col-sm-12\"><div class=\"vc_column-inner\"><div class=\"wpb_wrapper\"><div class=\"wpb_gmaps_widget wpb_content_element\"><div class=\"wpb_wrapper\"><div class=\"wpb_map_wraper\"><iframe loading=\"lazy\" src=\"https:\/\/www.google.com\/maps\/embed?pb=!1m14!1m8!1m3!1d2710.6690824507305!2d27.531623!3d47.2034892!3m2!1i1024!2i768!4f13.1!3m3!1m2!1s0x40cae3abad4f6abb%3A0x5d57efcb32d27399!2sGrand%20View%20Hotel%20%26%20Suites!5e0!3m2!1sro!2sro!4v1600871979410!5m2!1sro!2sro\" width=\"600\" height=\"450\" frameborder=\"0\" style=\"border:0;\" allowfullscreen=\"\" aria-hidden=\"false\" tabindex=\"0\"><\/iframe><\/div><\/div><\/div><\/div><\/div><\/div><\/div><div class=\"vc_row-full-width vc_clearfix\"><\/div>\n<\/div>","protected":false},"excerpt":{"rendered":"Grand View Hotel & SuitesGrand View Hotel & Suites, Mihail Sadoveanu Alley, nr 61, IASIPhone: 0232 709 636 0740 709 636receptie@grandview.ro CONTACT USPlease enter your contact details...","protected":false},"author":2,"featured_media":0,"parent":0,"menu_order":0,"comment_status":"closed","ping_status":"closed","template":"fullwidth-page.php","meta":{"footnotes":""},"class_list":["post-169","page","type-page","status-publish","hentry"],"_links":{"self":[{"href":"http:\/\/hotelgrandview.ro\/ro\/wp-json\/wp\/v2\/pages\/169","targetHints":{"allow":["GET"]}}],"collection":[{"href":"http:\/\/hotelgrandview.ro\/ro\/wp-json\/wp\/v2\/pages"}],"about":[{"href":"http:\/\/hotelgrandview.ro\/ro\/wp-json\/wp\/v2\/types\/page"}],"author":[{"embeddable":true,"href":"http:\/\/hotelgrandview.ro\/ro\/wp-json\/wp\/v2\/users\/2"}],"replies":[{"embeddable":true,"href":"http:\/\/hotelgrandview.ro\/ro\/wp-json\/wp\/v2\/comments?post=169"}],"version-history":[{"count":9,"href":"http:\/\/hotelgrandview.ro\/ro\/wp-json\/wp\/v2\/pages\/169\/revisions"}],"predecessor-version":[{"id":2057,"href":"http:\/\/hotelgrandview.ro\/ro\/wp-json\/wp\/v2\/pages\/169\/revisions\/2057"}],"wp:attachment":[{"href":"http:\/\/hotelgrandview.ro\/ro\/wp-json\/wp\/v2\/media?parent=169"}],"curies":[{"name":"wp","href":"https:\/\/api.w.org\/{rel}","templated":true}]}}