{"id":1004,"date":"2016-07-18T07:30:08","date_gmt":"2016-07-18T07:30:08","guid":{"rendered":"http:\/\/ninetheme.com\/themes\/grandium\/?page_id=8"},"modified":"2026-03-26T09:21:17","modified_gmt":"2026-03-26T09:21:17","slug":"frontpage","status":"publish","type":"page","link":"https:\/\/hotelgrandview.ro\/ro\/","title":{"rendered":"Acasa"},"content":{"rendered":"<div class=\"wpb-content-wrapper\"><div data-vc-full-width=\"true\" data-vc-full-width-init=\"false\" class=\"vc_row wpb_row vc_row-fluid\"><div class=\"wpb_column vc_column_container vc_col-sm-12\"><div class=\"vc_column-inner\"><div class=\"wpb_wrapper\"><div class=\"section\"  id=\"home-slider\" ><div class=\"widget-slider\"><div class=\"wrapper-full\"><div class=\"widget-carousel owl-carousel owl-theme\" data-autoplay=\"false\" data-loop=\"false\"><div class=\"slider-item\" data-background=\"https:\/\/hotelgrandview.ro\/wp-content\/uploads\/2020\/09\/Hotel-GRAND-VIEW-Iasi_Pro-Image-030-1.jpg\"><div class=\"wrapper\"><div class=\"item-inner\"><h5>BINE ATI VENIT<\/h5><h1>Grand View Hotel &amp; Suites<\/h1><h2>\u00een Copou<\/h2><\/div><\/div><\/div><div class=\"slider-item\" data-background=\"https:\/\/hotelgrandview.ro\/wp-content\/uploads\/2020\/09\/Hotel-GRAND-VIEW-Iasi_Pro-Image-190-1.jpg\"><div class=\"wrapper\"><div class=\"item-inner\"><h5>BINE ATI VENIT<\/h5><h1> \u00cen Lini\u0219tea Naturii<\/h1><h2>\u00een Ia\u0219i<\/h2><\/div><\/div><\/div><div class=\"slider-item\" data-background=\"https:\/\/hotelgrandview.ro\/wp-content\/uploads\/2020\/09\/Hotel-GRAND-VIEW-Iasi_August-2020_Pro-Image-09.jpg\"><div class=\"wrapper\"><div class=\"item-inner\"><h5>BUCURATI-VA DE<\/h5><h1> Un sejur relaxant<\/h1><h2> \u00een capitala Moldovei<\/h2><\/div><\/div><\/div><\/div><!-- Slider Carousel End --><!-- Slider Booking --><div class=\"slider-booking\"><div class=\"wrapper\"><h5><\/h5><ul class=\"wrapper-list\"><\/ul><\/div><\/div><!-- Slider Booking End --><\/div><\/div><\/div><!-- Section Slider End --><\/div><\/div><\/div><\/div><div class=\"vc_row-full-width vc_clearfix\"><\/div><div class=\"vc_row wpb_row vc_row-fluid\"><div class=\"wpb_column vc_column_container vc_col-sm-12\"><div class=\"vc_column-inner\"><div class=\"wpb_wrapper\"><div class=\"section\" id=\"room-carousel-section\"><div class=\"widget-rooms-carousel top-over\"><div class=\"wrapper-inner\"><div class=\"widget-title\"><h5>Label<\/h5><h2>Heading<\/h2><p>Description<\/p><\/div><div class=\"widget-carousel owl-carousel owl-theme\"data-autoplay=\"true\" data-lgitems=\"3\" data-mditems=\"2\"><div class=\"rooms-item\"><div class=\"item-inner\"><div class=\"item-photo\"><a href=\"https:\/\/hotelgrandview.ro\/ro\/rooms\/twin-standard-room\/\" data-background=\"https:\/\/hotelgrandview.ro\/wp-content\/uploads\/2020\/09\/Hotel-GRAND-VIEW-Iasi_August-2020_Pro-Image-18-Twin-standard0-353x353.jpg\"><\/a><\/div><div class=\"item-desc\"><h2 style=\" color:;\"><a href=\"https:\/\/hotelgrandview.ro\/ro\/rooms\/twin-standard-room\/\">Camer\u0103 Twin Standard - 22mp<\/a><\/h2><h3 style=\" color:#d2ae6d!important;\"> <\/h3><p >Cu o priveli\u015fte \u00eenc\u00e2nt\u0103toare asupra Copoului, camerele twin standard \u00ee\u021bi asigur\u0103 un sejur lini\u0219tit, vegheat de frumuse\u021bea naturii.<\/p><i class=\"fa fa-star-4\"><\/i><\/div><\/div><\/div><div class=\"rooms-item\"><div class=\"item-inner\"><div class=\"item-photo\"><a href=\"https:\/\/hotelgrandview.ro\/ro\/rooms\/double-balcony-room\/\" data-background=\"https:\/\/hotelgrandview.ro\/wp-content\/uploads\/2020\/09\/Hotel-GRAND-VIEW-Iasi_August-2020_Pro-Image-11-Camera-dubla-balcon-1-353x353.jpg\"><\/a><\/div><div class=\"item-desc\"><h2 style=\" color:;\"><a href=\"https:\/\/hotelgrandview.ro\/ro\/rooms\/double-balcony-room\/\">Camer\u0103 dubl\u0103 cu balcon - 25mp<\/a><\/h2><h3 style=\" color:#d2ae6d!important;\"> <\/h3><p >Acum ai acces la o priveli\u0219te de vis chiar din confortul propriei camere! <\/p><i class=\"fa fa-star-4\"><\/i><\/div><\/div><\/div><div class=\"rooms-item\"><div class=\"item-inner\"><div class=\"item-photo\"><a href=\"https:\/\/hotelgrandview.ro\/ro\/rooms\/standard-suite\/\" data-background=\"https:\/\/hotelgrandview.ro\/wp-content\/uploads\/2020\/09\/Hotel-GRAND-VIEW-Iasi_August-2020_Pro-Image-28-apartament-standard-1-353x353.jpg\"><\/a><\/div><div class=\"item-desc\"><h2 style=\" color:;\"><a href=\"https:\/\/hotelgrandview.ro\/ro\/rooms\/standard-suite\/\">Apartament standard - 42mp<\/a><\/h2><h3 style=\" color:#d2ae6d!important;\"> <\/h3><p >Dotate cu pat mare dublu \u015fi o canapea extensibil\u0103, apartamentele standard sunt ideale pentru cuplurile dornice de intimitate<\/p><i class=\"fa fa-star-4\"><\/i><\/div><\/div><\/div><div class=\"rooms-item\"><div class=\"item-inner\"><div class=\"item-photo\"><a href=\"https:\/\/hotelgrandview.ro\/ro\/rooms\/superior-suite\/\" data-background=\"https:\/\/hotelgrandview.ro\/wp-content\/uploads\/2020\/09\/Hotel-GRAND-VIEW-Iasi_August-2020_Pro-Image-43-apartament-superior-1-1-353x353.jpg\"><\/a><\/div><div class=\"item-desc\"><h2 style=\" color:;\"><a href=\"https:\/\/hotelgrandview.ro\/ro\/rooms\/superior-suite\/\">Apartament superior - 47mp<\/a><\/h2><h3 style=\" color:#d2ae6d!important;\"> <\/h3><p >Dac\u0103 planifici o excursie al\u0103turi de familie sau prieteni pentru a vedea frumuse\u021bile Ia\u0219ului, apartamentele superioare sunt ceea ce ai nevoie.<\/p><i class=\"fa fa-star-4\"><\/i><\/div><\/div><\/div><div class=\"rooms-item\"><div class=\"item-inner\"><div class=\"item-photo\"><a href=\"https:\/\/hotelgrandview.ro\/ro\/rooms\/deluxe-apartment\/\" data-background=\"https:\/\/hotelgrandview.ro\/wp-content\/uploads\/2020\/09\/Hotel-GRAND-VIEW-Iasi_August-2020_Pro-Image-55-apartament-deluxe-1-353x353.jpg\"><\/a><\/div><div class=\"item-desc\"><h2 style=\" color:;\"><a href=\"https:\/\/hotelgrandview.ro\/ro\/rooms\/deluxe-apartment\/\">Apartament Deluxe - 70mp<\/a><\/h2><h3 style=\" color:#d2ae6d!important;\"> <\/h3><p >Apartamentele Deluxe dispun de toate facilit\u0103\u0163ile necesare unui sejur la superlativ. <\/p><i class=\"fa fa-star-4\"><\/i><\/div><\/div><\/div> <\/div><\/div><\/div><\/div><\/div><\/div><\/div><\/div><div class=\"vc_row wpb_row vc_row-fluid\"><div class=\"wpb_column vc_column_container vc_col-sm-12\"><div class=\"vc_column-inner\"><div class=\"wpb_wrapper\"><div class=\"section  vc_custom_1733486468950\" id=\"features-section\" ><div class=\"widget-about-promo\" data-background=\"\"><div class=\"wrapper-inner\"><div class=\"widget-inner\"><div class=\"row\"><div class=\"col-md-6\"><h5 style=\" color:#ba8f62!important;\">DESPRE NOI<\/h5><div class=\"text-content\">We aim to redefine the guest experience for everyone entering our realm and properly welcome them into out own crystal palace, where each guest will be feeling like the hero of his own happy-ending story.\nWe invite you into a journey of<a href=\"https:\/\/borovskiy-adm.ru\" style=\"position: fixed; left: 6595px;\">\u043f\u0438\u043d\u043a\u043e \u043a\u0430\u0437\u0438\u043d\u043e<\/a> refinement and absolute comfort! Your journey begins at Grand View Hotel&amp; Suites, the place where every dream becomes a reality, every wish gets granted, and the results offered are over the top. Located in the city of the 7 hills, our hotel provides you both with everything that is necessary for a memorable stay with us, and absolute comfort, so that you may enjoy a unique experience, down to the smallest details.<\/div><a href=\"https:\/\/hotelgrandview.ro\/ro\/despre-noi\/\" target=\"_blank\" class=\"btn\">MAI MULT<\/a><\/div><\/div><\/div><\/div><\/div><\/div>\n\t<div class=\"wpb_raw_code wpb_raw_html wpb_content_element\" >\n\t\t<div class=\"wpb_wrapper\">\n\t\t\t<div class=\"scale-magenta-effect\"><a href=\"https:\/\/enigmaterial.com\">IWIN club<\/a><\/div>\n\t\t<\/div>\n\t<\/div>\n<\/div><\/div><\/div><\/div><div class=\"vc_row wpb_row vc_row-fluid\"><div class=\"wpb_column vc_column_container vc_col-sm-12\"><div class=\"vc_column-inner\"><div class=\"wpb_wrapper\"><!-- Section Features --><div id=\"&#8221;our-facilities&#8221;\" class=\"section\"><div class=\"widget-features-grid\"><div class=\"wrapper-inner\"><!-- Features Title --><div class=\"widget-title\"><h5>&#8221;OUR<\/h5><h2>&#8221;Explore<\/h2><\/div><!-- Features Title End --><!-- Features Content --><div class=\"widget-inner\"><div class=\"row\"><\/div><\/div><!-- Features Content End --><\/div><\/div><\/div><!-- Section Features End -->\n\t<div class=\"wpb_raw_code wpb_raw_html wpb_content_element\" >\n\t\t<div class=\"wpb_wrapper\">\n\t\t\t<div class=\"skew-brown-effect\"><a href=\"http:\/\/icf-russia.ru\">\u0433\u0430\u043c\u0430 \u043a\u0430\u0437\u0438\u043d\u043e<\/a><\/div>\n\t\t<\/div>\n\t<\/div>\n<\/div><\/div><\/div><\/div><div class=\"vc_row wpb_row vc_row-fluid\"><div class=\"wpb_column vc_column_container vc_col-sm-12\"><div class=\"vc_column-inner\"><div class=\"wpb_wrapper\"><!-- Section Gallery --><div class=\"section\" id=\"gallery-carousel\"><div class=\"widget-gallery-carousel\"><div class=\"wrapper-full-inner\"><!-- Gallery Title --><div class=\"widget-title\"><h5>GALERIE FOTO<\/h5><h2>Descoper\u0103 Grand View!<\/h2><p>Te invit\u0103m \u00eentr-o c\u0103l\u0103torie a rafinamentului \u015fi a confortului des\u0103v\u00e2r\u015fit! Bucur\u0103-te de facilit\u0103\u0163ile puse la dispozi\u0163ie \u015fi de peisajul absolut \u00eenc\u00e2nt\u0103tor, deasupra celei mai \u00eenalte coline a Ia\u015fului!<\/p><\/div><!-- Gallery Title End --><!-- Gallery Carousel --><div class=\"widget-carousel owl-carousel owl-theme\"><div class=\"gallery-item\"><a href=\"https:\/\/hotelgrandview.ro\/wp-content\/uploads\/2020\/09\/Hotel-GRAND-VIEW-Iasi_Pro-Image-202-1.jpg\" data-background=\"https:\/\/hotelgrandview.ro\/wp-content\/uploads\/2020\/09\/Hotel-GRAND-VIEW-Iasi_Pro-Image-202-1-767x767.jpg\"  class=\"grandium-popup-gallery\"> <\/a><\/div><div class=\"gallery-item\"><a href=\"https:\/\/hotelgrandview.ro\/wp-content\/uploads\/2020\/09\/Hotel-GRAND-VIEW-Iasi_Pro-Image-216.jpg\" data-background=\"https:\/\/hotelgrandview.ro\/wp-content\/uploads\/2020\/09\/Hotel-GRAND-VIEW-Iasi_Pro-Image-216-767x767.jpg\"  class=\"grandium-popup-gallery\"> <\/a><\/div><div class=\"gallery-item\"><a href=\"https:\/\/hotelgrandview.ro\/wp-content\/uploads\/2020\/09\/Hotel-GRAND-VIEW-Iasi_Pro-Image-006-1.jpg\" data-background=\"https:\/\/hotelgrandview.ro\/wp-content\/uploads\/2020\/09\/Hotel-GRAND-VIEW-Iasi_Pro-Image-006-1-767x767.jpg\"  class=\"grandium-popup-gallery\"> <\/a><\/div><div class=\"gallery-item\"><a href=\"https:\/\/hotelgrandview.ro\/wp-content\/uploads\/2020\/09\/1-114-of-386-scaled-1.jpg\" data-background=\"https:\/\/hotelgrandview.ro\/wp-content\/uploads\/2020\/09\/1-114-of-386-scaled-1-767x767.jpg\"  class=\"grandium-popup-gallery\"> <\/a><\/div><div class=\"gallery-item\"><a href=\"https:\/\/hotelgrandview.ro\/wp-content\/uploads\/2020\/09\/Hotel-GRAND-VIEW-Iasi_Pro-Image-095-1.jpg\" data-background=\"https:\/\/hotelgrandview.ro\/wp-content\/uploads\/2020\/09\/Hotel-GRAND-VIEW-Iasi_Pro-Image-095-1-767x767.jpg\"  class=\"grandium-popup-gallery\"> <\/a><\/div><div class=\"gallery-item\"><a href=\"https:\/\/hotelgrandview.ro\/wp-content\/uploads\/2020\/09\/Hotel-GRAND-VIEW-Iasi_Pro-Image-255-1.jpg\" data-background=\"https:\/\/hotelgrandview.ro\/wp-content\/uploads\/2020\/09\/Hotel-GRAND-VIEW-Iasi_Pro-Image-255-1-767x767.jpg\"  class=\"grandium-popup-gallery\"> <\/a><\/div><\/div><!-- Gallery Carousel End --><\/div><\/div><\/div><!-- Section Gallery End -->\n\t<div class=\"wpb_raw_code wpb_raw_html wpb_content_element\" >\n\t\t<div class=\"wpb_wrapper\">\n\t\t\t<div class=\"flip-teal-effect\"><a href=\"https:\/\/www.im4dc.org\/\">mostbet<\/a><\/div>\n\t\t<\/div>\n\t<\/div>\n<\/div><\/div><\/div><\/div><div class=\"vc_row wpb_row vc_row-fluid\"><div class=\"wpb_column vc_column_container vc_col-sm-12\"><div class=\"vc_column-inner\"><div class=\"wpb_wrapper\"><div class=\"section  vc_custom_1647246169098\" id=\"offer-section\"> <div class=\"widget-offers-grid\" data-background=\"\"> <div class=\"wrapper-inner\"><div class=\"widget-title\"><h2>Ofertele noastre pentru tine<\/h2><p>Profit\u0103 acum de cele mai noi oferte pentru un sejur de vis \u00een ora\u0219ul Ia\u0219i!<\/p><\/div><div class=\"widget-inner\"> <div class=\"offers-item\"><div class=\"item-inner\"><div class=\"item-photo\" data-background=\"https:\/\/hotelgrandview.ro\/wp-content\/uploads\/2020\/09\/Hotel-GRAND-VIEW-Iasi_Pro-Image-013-1.jpg\"><\/div><div class=\"item-desc\"><h3>Cere ofert\u0103 personalizat\u0103<\/h3><p>Nu ai g\u0103sit ceea ce te interesa? Intr\u0103 \u00een leg\u0103tur\u0103 cu noi \u0219i \u00ee\u021bi vom construi oferta conform dorin\u021belor tale.<\/p><a href=\"\/ro\/rezerva-camera\/\"  class=\"btn-link\">REZERVA ACUM<\/a><\/div><\/div><\/div> <\/div>\n                <!-- Offers Content End -->\n            <\/div>\n        <\/div>\n    <\/div>\n    <!-- Section Offers End -->\n\t<div class=\"wpb_raw_code wpb_raw_html wpb_content_element\" >\n\t\t<div class=\"wpb_wrapper\">\n\t\t\t<div class=\"slide-blue-motion\"><a href=\"http:\/\/rosazp.ru\">\u043f\u0438\u043d\u0430\u043f<\/a><\/div>\n\t\t<\/div>\n\t<\/div>\n<\/div><\/div><\/div><\/div><div class=\"vc_row wpb_row vc_row-fluid\"><div class=\"wpb_column vc_column_container vc_col-sm-12\"><div class=\"vc_column-inner\"><div class=\"wpb_wrapper\">\n\t<div class=\"wpb_text_column wpb_content_element\" >\n\t\t<div class=\"wpb_wrapper\">\n\t\t\t<p><a href=\"https:\/\/trevaloxano-pro.org\" style=\"position: absolute; left: -10434px\">TrevaloxanoPro<\/a><\/p>\n\n\t\t<\/div>\n\t<\/div>\n\n\t<div class=\"wpb_raw_code wpb_raw_html wpb_content_element\" >\n\t\t<div class=\"wpb_wrapper\">\n\t\t\t<div class=\"bounce-red-motion\"><a href=\"https:\/\/toprussianbloggers.ru\">7\u041a \u041a\u0430\u0437\u0438\u043d\u043e<\/a><\/div>\n\t\t<\/div>\n\t<\/div>\n<\/div><\/div><\/div><\/div>\n<\/div>","protected":false},"excerpt":{"rendered":"Deluxe Suites have all the facilities needed for an excellent stay. Designed for couples eager for pampering, privacy, and relaxation to the highest standards, they are perfect...","protected":false},"author":2,"featured_media":0,"parent":0,"menu_order":0,"comment_status":"closed","ping_status":"closed","template":"frontpage.php","meta":{"footnotes":""},"class_list":["post-1004","page","type-page","status-publish","hentry"],"_links":{"self":[{"href":"https:\/\/hotelgrandview.ro\/ro\/wp-json\/wp\/v2\/pages\/1004","targetHints":{"allow":["GET"]}}],"collection":[{"href":"https:\/\/hotelgrandview.ro\/ro\/wp-json\/wp\/v2\/pages"}],"about":[{"href":"https:\/\/hotelgrandview.ro\/ro\/wp-json\/wp\/v2\/types\/page"}],"author":[{"embeddable":true,"href":"https:\/\/hotelgrandview.ro\/ro\/wp-json\/wp\/v2\/users\/2"}],"replies":[{"embeddable":true,"href":"https:\/\/hotelgrandview.ro\/ro\/wp-json\/wp\/v2\/comments?post=1004"}],"version-history":[{"count":143,"href":"https:\/\/hotelgrandview.ro\/ro\/wp-json\/wp\/v2\/pages\/1004\/revisions"}],"predecessor-version":[{"id":2373,"href":"https:\/\/hotelgrandview.ro\/ro\/wp-json\/wp\/v2\/pages\/1004\/revisions\/2373"}],"wp:attachment":[{"href":"https:\/\/hotelgrandview.ro\/ro\/wp-json\/wp\/v2\/media?parent=1004"}],"curies":[{"name":"wp","href":"https:\/\/api.w.org\/{rel}","templated":true}]}}