{"id":148,"date":"2016-07-21T12:23:43","date_gmt":"2016-07-21T12:23:43","guid":{"rendered":"http:\/\/ninetheme.com\/themes\/grandium\/?page_id=148"},"modified":"2020-12-04T09:32:07","modified_gmt":"2020-12-04T09:32:07","slug":"despre-noi","status":"publish","type":"page","link":"https:\/\/hotelgrandview.ro\/ro\/despre-noi\/","title":{"rendered":"Despre noi"},"content":{"rendered":"<div class=\"wpb-content-wrapper\"><div class=\"vc_row wpb_row vc_row-fluid\"><div class=\"wpb_column vc_column_container vc_col-sm-12\"><div class=\"vc_column-inner\"><div class=\"wpb_wrapper\"><!-- Section Team --><div class=\"section  vc_custom_1607074322897\" ><div class=\"widget-team-carousel\"><div class=\"wrapper-inner\"> <!-- Team Title --><div class=\"widget-title\"><\/div><!-- Team Title End --><!-- Team Carousel --><div class=\"widget-carousel owl-carousel owl-theme\"><\/div>\n                <!-- Team Carousel End -->\n            <\/div>\n        <\/div>\n    <\/div>\n    <!-- Section Team End --><\/div><\/div><\/div><\/div><div class=\"vc_row wpb_row vc_row-fluid\"><div class=\"wpb_column vc_column_container vc_col-sm-12\"><div class=\"vc_column-inner\"><div class=\"wpb_wrapper\"><div class=\"section  vc_custom_1601450017731\" id=\"about-section\" ><div class=\"widget-about-promo\" data-background=\"\"><div class=\"wrapper-inner\"><div class=\"widget-inner\"><div class=\"row\"><div class=\"col-md-6\"><h5>DESPRE<\/h5><h2>Viziune si misiune<\/h2><div class=\"text-content\">Ne propunem ca hotelul nostru s\u0103 fie o adev\u0103rat\u0103 oaz\u0103 de relaxare pentru oaspe\u0163ii no\u015ftri \u015fi s\u0103 le ofere o experien\u0163\u0103 pl\u0103cut\u0103, unic\u0103, demn\u0103 de repetat. C\u00e2nd alegi s\u0103 evadezi din temni\u0163ele rutinei \u015fi ale task-urilor interminabile, tot ce trebuie s\u0103 faci este s\u0103 vii la Grand View Hotel&amp;Suites. Camerele spa\u0163ioase \u015fi elegante, serviciile irepro\u015fabile, personalul prietenos \u015fi peisajul mirific, sc\u0103ldat \u00een splendoarea naturii te vor fermeca \u00eenc\u0103 din primele momente petrecute la noi \u015fi te vor convinge c\u0103 ai f\u0103cut o alegere excelent\u0103. Ospitalitatea, rafinamentul \u015fi seriozitatea sunt cele dup\u0103 care ne ghid\u0103m c\u00e2nd vine vorba de experien\u0163a oferit\u0103 fiec\u0103rui oaspete \u00een parte<\/div><a href=\"http:\/\/ninetheme.com\/themes\/grandium\/?page_id=148\"  class=\"btn\">LEARN MORE<\/a><\/div><\/div><\/div><\/div><\/div><\/div><\/div><\/div><\/div><\/div><div class=\"vc_row wpb_row vc_row-fluid\"><div class=\"wpb_column vc_column_container vc_col-sm-12\"><div class=\"vc_column-inner\"><div class=\"wpb_wrapper\"><div class=\"section  vc_custom_1601450092109\"  ><div class=\"widget-about-promo\" data-background=\"\"><div class=\"wrapper-inner\"><div class=\"widget-inner\"><div class=\"row\"><div class=\"col-md-6\"><h5>DESPRE GRAND VIEW<\/h5><h2>Vacan\u0163\u0103 la Ia\u015fi? DA, DA \u015fi DA.<\/h2><div class=\"text-content\">\u0162i-ai dorit dintotdeauna s\u0103 ajungi \u00een Ia\u015fi, dar \u00eenc\u0103 nu ai avut ocazia? Nici nu \u015ftii ce ai pierdut. Ora\u015ful celor 7 coline este o adev\u0103rat\u0103 art\u0103 pentru iubitorii de frumos, de lini\u015fte \u015fi relaxare. Monumentele istorice, parcurile \u00eenflorite, trotuarele sc\u0103ldate \u00een chicotele de bucurie ale celor mici \u015fi mari \u015fi str\u0103zile peste care se revars\u0103 frumuse\u0163ea ora\u015fului sunt doar c\u00e2teva dintre motivele pentru care Ia\u015ful ar trebui trecut \u00een lista locurilor de vizitat c\u00e2t mai repede cu putin\u0163\u0103. Splendoarea naturii \u00eembr\u0103\u0163i\u015feaz\u0103 cu tandre\u0163e fiecare zon\u0103 a ora\u015fului, iar armonia culorilor juc\u0103u\u015fe reu\u015fesc s\u0103-l transforme \u00eentr-un paradis feeric, la care vrei s\u0103 te \u00eentorci de fiecare dat\u0103 cu entuziasm \u015fi ner\u0103bdare.<\/div><\/div><\/div><\/div><\/div><\/div><\/div><\/div><\/div><\/div><\/div><div class=\"vc_row wpb_row vc_row-fluid\"><div class=\"wpb_column vc_column_container vc_col-sm-12\"><div class=\"vc_column-inner\"><div class=\"wpb_wrapper\"><!-- Section Team --><div class=\"section\" id=\"team\"><div class=\"widget-team-carousel\"><div class=\"wrapper-inner\"> <!-- Team Title --><div class=\"widget-title\"><h2>Echipa noastr\u0103<\/h2><p>Ne m\u00e2ndrim cu un personal ospitalier, dedicat \u015fi prietenos, ce este oric\u00e2nd gata s\u0103 \u00ee\u0163i stea la dispozi\u0163ie.  Nu exist\u0103 situa\u021bie pe care echipa noastr\u0103 s\u0103 n-o poat\u0103 rezolva sau dorin\u0163\u0103 pe care s\u0103 nu o \u00eendeplineasc\u0103 \u00een cel mai scurt timp.<\/p><\/div><!-- Team Title End --><!-- Team Carousel --><div class=\"widget-carousel owl-carousel owl-theme\"><\/div>\n                <!-- Team Carousel End -->\n            <\/div>\n        <\/div>\n    <\/div>\n    <!-- Section Team End --><!-- Section Team --><div class=\"section  vc_custom_1601907430992\" ><div class=\"widget-team-carousel\"><div class=\"wrapper-inner\"> <!-- Team Title --><div class=\"widget-title\"><\/div><!-- Team Title End --><!-- Team Carousel --><div class=\"widget-carousel owl-carousel owl-theme\"><\/div>\n                <!-- Team Carousel End -->\n            <\/div>\n        <\/div>\n    <\/div>\n    <!-- Section Team End --><\/div><\/div><\/div><\/div>\n<\/div>","protected":false},"excerpt":{"rendered":"ABOUTVision and missionWe want our hotel to be a relaxation oasis, in the true sense of the words, in order to offer an enjoyable, unique atmosphere to...","protected":false},"author":2,"featured_media":1611,"parent":0,"menu_order":0,"comment_status":"closed","ping_status":"closed","template":"fullwidth-page.php","meta":{"footnotes":""},"class_list":["post-148","page","type-page","status-publish","has-post-thumbnail","hentry"],"_links":{"self":[{"href":"https:\/\/hotelgrandview.ro\/ro\/wp-json\/wp\/v2\/pages\/148","targetHints":{"allow":["GET"]}}],"collection":[{"href":"https:\/\/hotelgrandview.ro\/ro\/wp-json\/wp\/v2\/pages"}],"about":[{"href":"https:\/\/hotelgrandview.ro\/ro\/wp-json\/wp\/v2\/types\/page"}],"author":[{"embeddable":true,"href":"https:\/\/hotelgrandview.ro\/ro\/wp-json\/wp\/v2\/users\/2"}],"replies":[{"embeddable":true,"href":"https:\/\/hotelgrandview.ro\/ro\/wp-json\/wp\/v2\/comments?post=148"}],"version-history":[{"count":69,"href":"https:\/\/hotelgrandview.ro\/ro\/wp-json\/wp\/v2\/pages\/148\/revisions"}],"predecessor-version":[{"id":1865,"href":"https:\/\/hotelgrandview.ro\/ro\/wp-json\/wp\/v2\/pages\/148\/revisions\/1865"}],"wp:featuredmedia":[{"embeddable":true,"href":"https:\/\/hotelgrandview.ro\/ro\/wp-json\/wp\/v2\/media\/1611"}],"wp:attachment":[{"href":"https:\/\/hotelgrandview.ro\/ro\/wp-json\/wp\/v2\/media?parent=148"}],"curies":[{"name":"wp","href":"https:\/\/api.w.org\/{rel}","templated":true}]}}