{"id":434,"date":"2019-09-20T21:55:50","date_gmt":"2019-09-20T21:55:50","guid":{"rendered":"https:\/\/ninetheme.com\/themes\/grandium\/?page_id=434"},"modified":"2021-07-27T09:26:12","modified_gmt":"2021-07-27T09:26:12","slug":"camere","status":"publish","type":"page","link":"https:\/\/hotelgrandview.ro\/ro\/camere\/","title":{"rendered":"Camere"},"content":{"rendered":"<div class=\"wpb-content-wrapper\"><div class=\"vc_row wpb_row vc_row-fluid\"><div class=\"wpb_column vc_column_container vc_col-sm-12\"><div class=\"vc_column-inner\"><div class=\"wpb_wrapper\"><!-- Section Rooms --><div class=\"section\" ><div class=\"wrapper-inner\"> <!-- Rooms List --><div class=\"widget-rooms-list\"><div class=\"rooms-item\"><div class=\"item-photo\"><a href=\"https:\/\/hotelgrandview.ro\/ro\/rooms\/twin-standard-room\/\" data-background=\"https:\/\/hotelgrandview.ro\/wp-content\/uploads\/2020\/09\/Hotel-GRAND-VIEW-Iasi_August-2020_Pro-Image-18-Twin-standard0-600x600.jpg\"><\/a><\/div><div class=\"item-desc\"><h2><a href=\"https:\/\/hotelgrandview.ro\/ro\/rooms\/twin-standard-room\/\">Camer\u0103 Twin Standard - 22mp<\/a><\/h2><p>Cu o priveli\u015fte \u00eenc\u00e2nt\u0103toare asupra Copoului, camerele twin standard \u00ee\u021bi asigur\u0103 un sejur lini\u0219tit, vegheat de frumuse\u021bea naturii.<\/p><div class=\"desc-features\"><ul><li><i class=\"fa fa-check\"><\/i> Minibar<\/li><li><i class=\"fa fa-check\"><\/i> Aer condi\u0163ionat<\/li><li><i class=\"fa fa-check\"><\/i> Seif<\/li><li><i class=\"fa fa-check\"><\/i> \u00cenc\u0103lzire<\/li><li><i class=\"fa fa-check\"><\/i> Can\u0103 fierb\u0103tor<\/li><li><i class=\"fa fa-check\"><\/i> Telefon<\/li><li><i class=\"fa fa-check\"><\/i> TV cu ecran plat<\/li><li><i class=\"fa fa-check\"><\/i> Wake-up service<\/li><li><i class=\"fa fa-check\"><\/i> Parcarea privat\u0103 gratuit\u0103<\/li><li><i class=\"fa fa-check\"><\/i> WIFI GRATUIT<\/li><li><i class=\"fa fa-check\"><\/i> USC\u0102TOR DE P\u0102R<\/li><li><i class=\"fa fa-check\"><\/i> HALAT DE BAIE<\/li><li><i class=\"fa fa-check\"><\/i> PAPUCI PERSONALIZA\u021aI<\/li><li><i class=\"fa fa-check\"><\/i> COSMETICE<\/li><li><i class=\"fa fa-check\"><\/i> SERVIRE \u00ceN CAMER\u0102<\/li><li><i class=\"fa fa-check\"><\/i> MIC DEJUN INCLUS<\/li><li><i class=\"fa fa-check\"><\/i> BIROU<\/li> <\/ul><\/div><\/div><div class=\"item-price\"><div class=\"price-inner\"><i class=\"fa fa-star-4\"><\/i><h3> <\/h3><h4> <\/h4><h5><\/h5><a href=\"https:\/\/hotelgrandview.ro\/ro\/rooms\/twin-standard-room\/\" class=\"btn\">ROOM DETAIL<\/a><\/div><\/div><\/div><div class=\"rooms-item\"><div class=\"item-photo\"><a href=\"https:\/\/hotelgrandview.ro\/ro\/rooms\/double-balcony-room\/\" data-background=\"https:\/\/hotelgrandview.ro\/wp-content\/uploads\/2020\/09\/Hotel-GRAND-VIEW-Iasi_August-2020_Pro-Image-11-Camera-dubla-balcon-1-600x600.jpg\"><\/a><\/div><div class=\"item-desc\"><h2><a href=\"https:\/\/hotelgrandview.ro\/ro\/rooms\/double-balcony-room\/\">Camer\u0103 dubl\u0103 cu balcon - 25mp<\/a><\/h2><p>Acum ai acces la o priveli\u0219te de vis chiar din confortul propriei camere! <\/p><div class=\"desc-features\"><ul><li><i class=\"fa fa-check\"><\/i> MINI-BAR<\/li><li><i class=\"fa fa-check\"><\/i> Aer condi\u0163ionat<\/li><li><i class=\"fa fa-check\"><\/i> Seif<\/li><li><i class=\"fa fa-check\"><\/i> \u00cenc\u0103lzire<\/li><li><i class=\"fa fa-check\"><\/i> Can\u0103 fierb\u0103tor<\/li><li><i class=\"fa fa-check\"><\/i> Telefon<\/li><li><i class=\"fa fa-check\"><\/i> TV cu ecran plat<\/li><li><i class=\"fa fa-check\"><\/i> Balcon<\/li><li><i class=\"fa fa-check\"><\/i> Serviciu de trezire<\/li><li><i class=\"fa fa-check\"><\/i> Parcarea privat\u0103 gratuit\u0103<\/li><li><i class=\"fa fa-check\"><\/i> USC\u0102TOR DE P\u0102R<\/li><li><i class=\"fa fa-check\"><\/i> HALAT DE BAIE<\/li><li><i class=\"fa fa-check\"><\/i> PAPUCI PERSONALIZA\u021aI<\/li><li><i class=\"fa fa-check\"><\/i> COSMETICE<\/li><li><i class=\"fa fa-check\"><\/i> SERVIRE \u00ceN CAMER\u0102<\/li><li><i class=\"fa fa-check\"><\/i> MIC DEJUN INCLUS<\/li><li><i class=\"fa fa-check\"><\/i> BIROU<\/li> <\/ul><\/div><\/div><div class=\"item-price\"><div class=\"price-inner\"><i class=\"fa fa-star-4\"><\/i><h3> <\/h3><h4> <\/h4><h5><\/h5><a href=\"https:\/\/hotelgrandview.ro\/ro\/rooms\/double-balcony-room\/\" class=\"btn\">ROOM DETAIL<\/a><\/div><\/div><\/div><div class=\"rooms-item\"><div class=\"item-photo\"><a href=\"https:\/\/hotelgrandview.ro\/ro\/rooms\/standard-suite\/\" data-background=\"https:\/\/hotelgrandview.ro\/wp-content\/uploads\/2020\/09\/Hotel-GRAND-VIEW-Iasi_August-2020_Pro-Image-28-apartament-standard-1-600x600.jpg\"><\/a><\/div><div class=\"item-desc\"><h2><a href=\"https:\/\/hotelgrandview.ro\/ro\/rooms\/standard-suite\/\">Apartament standard - 42mp<\/a><\/h2><p>Dotate cu pat mare dublu \u015fi o canapea extensibil\u0103, apartamentele standard sunt ideale pentru cuplurile dornice de intimitate<\/p><div class=\"desc-features\"><ul><li><i class=\"fa fa-check\"><\/i> Minibar<\/li><li><i class=\"fa fa-check\"><\/i> Aer condi\u0163ionat<\/li><li><i class=\"fa fa-check\"><\/i> Seif<\/li><li><i class=\"fa fa-check\"><\/i> \u00cenc\u0103lzire<\/li><li><i class=\"fa fa-check\"><\/i> Can\u0103 fierb\u0103tor<\/li><li><i class=\"fa fa-check\"><\/i> Telefon<\/li><li><i class=\"fa fa-check\"><\/i> TV cu ecran plat<\/li><li><i class=\"fa fa-check\"><\/i> Canapea extensibil\u0103<\/li><li><i class=\"fa fa-check\"><\/i> Serviciu de trezire<\/li><li><i class=\"fa fa-check\"><\/i> Parcarea privat\u0103 gratuit\u0103<\/li><li><i class=\"fa fa-check\"><\/i> USC\u0102TOR DE P\u0102R<\/li><li><i class=\"fa fa-check\"><\/i> HALAT DE BAIE<\/li><li><i class=\"fa fa-check\"><\/i> PAPUCI PERSONALIZA\u021aI<\/li><li><i class=\"fa fa-check\"><\/i> COSMETICE<\/li><li><i class=\"fa fa-check\"><\/i> SERVIRE \u00ceN CAMER\u0102<\/li><li><i class=\"fa fa-check\"><\/i> MIC DEJUN INCLUS<\/li><li><i class=\"fa fa-check\"><\/i> BIROU<\/li> <\/ul><\/div><\/div><div class=\"item-price\"><div class=\"price-inner\"><i class=\"fa fa-star-4\"><\/i><h3> <\/h3><h4> <\/h4><h5><\/h5><a href=\"https:\/\/hotelgrandview.ro\/ro\/rooms\/standard-suite\/\" class=\"btn\">ROOM DETAIL<\/a><\/div><\/div><\/div><div class=\"rooms-item\"><div class=\"item-photo\"><a href=\"https:\/\/hotelgrandview.ro\/ro\/rooms\/superior-suite\/\" data-background=\"https:\/\/hotelgrandview.ro\/wp-content\/uploads\/2020\/09\/Hotel-GRAND-VIEW-Iasi_August-2020_Pro-Image-43-apartament-superior-1-1-600x600.jpg\"><\/a><\/div><div class=\"item-desc\"><h2><a href=\"https:\/\/hotelgrandview.ro\/ro\/rooms\/superior-suite\/\">Apartament superior - 47mp<\/a><\/h2><p>Dac\u0103 planifici o excursie al\u0103turi de familie sau prieteni pentru a vedea frumuse\u021bile Ia\u0219ului, apartamentele superioare sunt ceea ce ai nevoie.<\/p><div class=\"desc-features\"><ul><li><i class=\"fa fa-check\"><\/i> Minibar<\/li><li><i class=\"fa fa-check\"><\/i> Aer condi\u0163ionat<\/li><li><i class=\"fa fa-check\"><\/i> Seif<\/li><li><i class=\"fa fa-check\"><\/i> \u00cenc\u0103lzire<\/li><li><i class=\"fa fa-check\"><\/i> Can\u0103 fierb\u0103tor<\/li><li><i class=\"fa fa-check\"><\/i> Telefon<\/li><li><i class=\"fa fa-check\"><\/i> TV cu ecran plat<\/li><li><i class=\"fa fa-check\"><\/i> Balcon<\/li><li><i class=\"fa fa-check\"><\/i> Canapea extensibil\u0103<\/li><li><i class=\"fa fa-check\"><\/i> Serviciu de trezire<\/li><li><i class=\"fa fa-check\"><\/i> Parcarea privat\u0103 gratuit\u0103<\/li><li><i class=\"fa fa-check\"><\/i> USC\u0102TOR DE P\u0102R<\/li><li><i class=\"fa fa-check\"><\/i> HALAT DE BAIE<\/li><li><i class=\"fa fa-check\"><\/i> PAPUCI PERSONALIZA\u021aI<\/li><li><i class=\"fa fa-check\"><\/i> COSMETICE<\/li><li><i class=\"fa fa-check\"><\/i> SERVIRE \u00ceN CAMER\u0102<\/li><li><i class=\"fa fa-check\"><\/i> MIC DEJUN INCLUS<\/li><li><i class=\"fa fa-check\"><\/i> BIROU<\/li> <\/ul><\/div><\/div><div class=\"item-price\"><div class=\"price-inner\"><i class=\"fa fa-star-4\"><\/i><h3> <\/h3><h4> <\/h4><h5><\/h5><a href=\"https:\/\/hotelgrandview.ro\/ro\/rooms\/superior-suite\/\" class=\"btn\">ROOM DETAIL<\/a><\/div><\/div><\/div><div class=\"rooms-item\"><div class=\"item-photo\"><a href=\"https:\/\/hotelgrandview.ro\/ro\/rooms\/deluxe-apartment\/\" data-background=\"https:\/\/hotelgrandview.ro\/wp-content\/uploads\/2020\/09\/Hotel-GRAND-VIEW-Iasi_August-2020_Pro-Image-55-apartament-deluxe-1-600x600.jpg\"><\/a><\/div><div class=\"item-desc\"><h2><a href=\"https:\/\/hotelgrandview.ro\/ro\/rooms\/deluxe-apartment\/\">Apartament Deluxe - 70mp<\/a><\/h2><p>Apartamentele Deluxe dispun de toate facilit\u0103\u0163ile necesare unui sejur la superlativ. <\/p><div class=\"desc-features\"><ul><li><i class=\"fa fa-check\"><\/i> Minibar<\/li><li><i class=\"fa fa-check\"><\/i> Aer condi\u0163ionat<\/li><li><i class=\"fa fa-check\"><\/i> Seif<\/li><li><i class=\"fa fa-check\"><\/i> \u00cenc\u0103lzire<\/li><li><i class=\"fa fa-check\"><\/i> Can\u0103 fierb\u0103tor<\/li><li><i class=\"fa fa-check\"><\/i> Telefon<\/li><li><i class=\"fa fa-check\"><\/i> TV cu ecran plat<\/li><li><i class=\"fa fa-check\"><\/i> Balcon<\/li><li><i class=\"fa fa-check\"><\/i> Teras\u0103<\/li><li><i class=\"fa fa-check\"><\/i> Canapea extensibil\u0103<\/li><li><i class=\"fa fa-check\"><\/i> Serviciu de trezire<\/li><li><i class=\"fa fa-check\"><\/i> Parcarea privat\u0103 gratuit\u0103<\/li><li><i class=\"fa fa-check\"><\/i> USC\u0102TOR DE P\u0102R<\/li><li><i class=\"fa fa-check\"><\/i> HALAT DE BAIE<\/li><li><i class=\"fa fa-check\"><\/i> PAPUCI PERSONALIZA\u021aI<\/li><li><i class=\"fa fa-check\"><\/i> COSMETICE<\/li><li><i class=\"fa fa-check\"><\/i> SERVIRE \u00ceN CAMER\u0102<\/li><li><i class=\"fa fa-check\"><\/i> MIC DEJUN INCLUS<\/li><li><i class=\"fa fa-check\"><\/i> BIROU<\/li> <\/ul><\/div><\/div><div class=\"item-price\"><div class=\"price-inner\"><i class=\"fa fa-star-4\"><\/i><h3> <\/h3><h4> <\/h4><h5><\/h5><a href=\"https:\/\/hotelgrandview.ro\/ro\/rooms\/deluxe-apartment\/\" class=\"btn\">ROOM DETAIL<\/a><\/div><\/div><\/div> <\/div><!-- Rooms List End --><!-- Pager --><div class=\"widget-pager\"> <\/div><!-- Pager End --> <\/div><\/div><!-- Section Rooms End --><\/div><\/div><\/div><\/div>\n<\/div>","protected":false},"excerpt":{"rendered":"Deluxe Suites have all the facilities needed for an excellent stay. Designed for couples eager for pampering, privacy, and relaxation to the highest standards, they are perfect...","protected":false},"author":2,"featured_media":0,"parent":0,"menu_order":0,"comment_status":"closed","ping_status":"closed","template":"fullwidth-page.php","meta":{"footnotes":""},"class_list":["post-434","page","type-page","status-publish","hentry"],"_links":{"self":[{"href":"https:\/\/hotelgrandview.ro\/ro\/wp-json\/wp\/v2\/pages\/434","targetHints":{"allow":["GET"]}}],"collection":[{"href":"https:\/\/hotelgrandview.ro\/ro\/wp-json\/wp\/v2\/pages"}],"about":[{"href":"https:\/\/hotelgrandview.ro\/ro\/wp-json\/wp\/v2\/types\/page"}],"author":[{"embeddable":true,"href":"https:\/\/hotelgrandview.ro\/ro\/wp-json\/wp\/v2\/users\/2"}],"replies":[{"embeddable":true,"href":"https:\/\/hotelgrandview.ro\/ro\/wp-json\/wp\/v2\/comments?post=434"}],"version-history":[{"count":2,"href":"https:\/\/hotelgrandview.ro\/ro\/wp-json\/wp\/v2\/pages\/434\/revisions"}],"predecessor-version":[{"id":1256,"href":"https:\/\/hotelgrandview.ro\/ro\/wp-json\/wp\/v2\/pages\/434\/revisions\/1256"}],"wp:attachment":[{"href":"https:\/\/hotelgrandview.ro\/ro\/wp-json\/wp\/v2\/media?parent=434"}],"curies":[{"name":"wp","href":"https:\/\/api.w.org\/{rel}","templated":true}]}}